{"id":233,"date":"2016-02-12T10:47:24","date_gmt":"2016-02-12T09:47:24","guid":{"rendered":"https:\/\/ale.fr\/en\/?page_id=233"},"modified":"2019-07-29T10:47:18","modified_gmt":"2019-07-29T09:47:18","slug":"contact-us","status":"publish","type":"page","link":"https:\/\/ale.fr\/en\/contact-us\/","title":{"rendered":"Contact us"},"content":{"rendered":"<p>Interested in becoming a distributor? You want to request a print sample? Or you simply want to ask a question to our team? Don't hesitate to contact us! Fill in the form and we will be happy to answer you<\/p>\n<div class=\"row\" ><div class=\"medium-6 columns\" >\n<div class=\"wpcf7 no-js\" id=\"wpcf7-f304-o1\" lang=\"fr-FR\" dir=\"ltr\" data-wpcf7-id=\"304\">\n<div class=\"screen-reader-response\"><p role=\"status\" aria-live=\"polite\" aria-atomic=\"true\"><\/p> <ul><\/ul><\/div>\n<form action=\"\/en\/wp-json\/wp\/v2\/pages\/233#wpcf7-f304-o1\" method=\"post\" class=\"wpcf7-form init\" aria-label=\"Formulaire de contact\" novalidate=\"novalidate\" data-status=\"init\">\n<fieldset class=\"hidden-fields-container\"><input type=\"hidden\" name=\"_wpcf7\" value=\"304\" \/><input type=\"hidden\" name=\"_wpcf7_version\" value=\"6.1.5\" \/><input type=\"hidden\" name=\"_wpcf7_locale\" value=\"fr_FR\" \/><input type=\"hidden\" name=\"_wpcf7_unit_tag\" value=\"wpcf7-f304-o1\" \/><input type=\"hidden\" name=\"_wpcf7_container_post\" value=\"0\" \/><input type=\"hidden\" name=\"_wpcf7_posted_data_hash\" value=\"\" \/><input type=\"hidden\" name=\"_wpcf7_recaptcha_response\" value=\"\" \/>\n<\/fieldset>\n<p><span class=\"wpcf7-form-control-wrap\" data-name=\"your-name\"><input size=\"40\" maxlength=\"400\" class=\"wpcf7-form-control wpcf7-text wpcf7-validates-as-required\" aria-required=\"true\" aria-invalid=\"false\" placeholder=\"Name*\" value=\"\" type=\"text\" name=\"your-name\" \/><\/span><span class=\"wpcf7-form-control-wrap\" data-name=\"your-firstname\"><input size=\"40\" maxlength=\"400\" class=\"wpcf7-form-control wpcf7-text wpcf7-validates-as-required\" aria-required=\"true\" aria-invalid=\"false\" placeholder=\"Firstname*\" value=\"\" type=\"text\" name=\"your-firstname\" \/><\/span><span class=\"wpcf7-form-control-wrap\" data-name=\"your-org\"><input size=\"40\" maxlength=\"400\" class=\"wpcf7-form-control wpcf7-text wpcf7-validates-as-required\" aria-required=\"true\" aria-invalid=\"false\" placeholder=\"Compagny*\" value=\"\" type=\"text\" name=\"your-org\" \/><\/span><span class=\"wpcf7-form-control-wrap\" data-name=\"your-email\"><input size=\"40\" maxlength=\"400\" class=\"wpcf7-form-control wpcf7-email wpcf7-validates-as-required wpcf7-text wpcf7-validates-as-email\" aria-required=\"true\" aria-invalid=\"false\" placeholder=\"Email*\" value=\"\" type=\"email\" name=\"your-email\" \/><\/span><span class=\"wpcf7-form-control-wrap\" data-name=\"your-subject\"><select class=\"wpcf7-form-control wpcf7-select wpcf7-validates-as-required\" id=\"your-subject\" aria-required=\"true\" aria-invalid=\"false\" name=\"your-subject\"><option value=\"\">&#8212;Veuillez choisir une option&#8212;<\/option><option value=\"General information\">General information<\/option><option value=\"Become distributor\">Become distributor<\/option><option value=\"Print sample\">Print sample<\/option><option value=\"Quotation\">Quotation<\/option><option value=\"Subscribe to the newsletter\">Subscribe to the newsletter<\/option><option value=\"Distributor area access\">Distributor area access<\/option><\/select><\/span><span class=\"wpcf7-form-control-wrap\" data-name=\"your-message\"><textarea cols=\"40\" rows=\"5\" maxlength=\"2000\" class=\"wpcf7-form-control wpcf7-textarea\" aria-invalid=\"false\" placeholder=\"Message*\" name=\"your-message\"><\/textarea><\/span>\n<\/p>\n<p class=\"form-submit\"><input class=\"wpcf7-form-control wpcf7-submit has-spinner button expanded\" type=\"submit\" value=\"Submit\" \/>\n<\/p><div class=\"wpcf7-response-output\" aria-hidden=\"true\"><\/div>\n<\/form>\n<\/div>\n<\/div><div class=\"medium-6 columns\" >\n<div itemscope itemtype=\"http:\/\/schema.org\/LocalBusiness\" class=\"contact-plugin contact-shortcode SC_schema_org\">\n<div itemprop=\"name\">ALE <\/div>\n<div  itemprop=\"address\" itemscope itemtype=\"http:\/\/schema.org\/PostalAddress\">\n<span itemprop=\"streetAddress\">651, rue Ren\u00e9 Descartes<\/span><br>\n<span itemprop=\"postalCode\">69200<\/span> <span itemprop=\"addressLocality\">VAULX-MILIEU <\/span> - <span itemprop=\"addressCountry\">France<\/span><\/div><div class=\"call-numbers\"><div class=\"tel\"> <span itemprop=\"telephone\" >+33 437 900 199<\/span><\/div><\/div><\/div> <!-- LocalBusiness --> <\/div><\/div>\n","protected":false},"excerpt":{"rendered":"<p>Interested in becoming a distributor? You want to request a print sample? Or you simply want to ask a question to our team? Don&#8217;t hesitate to contact us! Fill in the form and we will be happy to answer you<a href=\"https:\/\/ale.fr\/en\/contact-us\/\" class=\"read-more\" title=\"Lire la suite de cet article\"><\/a><\/p>\n","protected":false},"author":1,"featured_media":194,"parent":0,"menu_order":13,"comment_status":"closed","ping_status":"closed","template":"page_contact.php","meta":{"footnotes":""},"class_list":["post-233","page","type-page","status-publish","has-post-thumbnail","hentry"],"yoast_head":"<!-- This site is optimized with the Yoast SEO plugin v27.3 - https:\/\/yoast.com\/product\/yoast-seo-wordpress\/ -->\n<title>Contact us - ALE More than a printer<\/title>\n<meta name=\"robots\" content=\"index, follow, max-snippet:-1, max-image-preview:large, max-video-preview:-1\" \/>\n<link rel=\"canonical\" href=\"https:\/\/ale.fr\/en\/contact-us\/\" \/>\n<meta property=\"og:locale\" content=\"en_US\" \/>\n<meta property=\"og:type\" content=\"article\" \/>\n<meta property=\"og:title\" content=\"Contact us - ALE More than a printer\" \/>\n<meta property=\"og:description\" content=\"Interested in becoming a distributor? You want to request a print sample? Or you simply want to ask a question to our team? Don&#039;t hesitate to contact us! Fill in the form and we will be happy to answer you\" \/>\n<meta property=\"og:url\" content=\"https:\/\/ale.fr\/en\/contact-us\/\" \/>\n<meta property=\"og:site_name\" content=\"ALE More than a printer\" \/>\n<meta property=\"article:publisher\" content=\"https:\/\/www.facebook.com\/ALE-SAS-180011132362701\/\" \/>\n<meta property=\"article:modified_time\" content=\"2019-07-29T09:47:18+00:00\" \/>\n<meta property=\"og:image\" content=\"https:\/\/ale.fr\/wp-content\/uploads\/2016\/02\/contact.jpg\" \/>\n\t<meta property=\"og:image:width\" content=\"1920\" \/>\n\t<meta property=\"og:image:height\" content=\"1272\" \/>\n\t<meta property=\"og:image:type\" content=\"image\/jpeg\" \/>\n<meta name=\"twitter:card\" content=\"summary_large_image\" \/>\n<script type=\"application\/ld+json\" class=\"yoast-schema-graph\">{\"@context\":\"https:\\\/\\\/schema.org\",\"@graph\":[{\"@type\":\"WebPage\",\"@id\":\"https:\\\/\\\/ale.fr\\\/en\\\/contact-us\\\/\",\"url\":\"https:\\\/\\\/ale.fr\\\/en\\\/contact-us\\\/\",\"name\":\"Contact us - ALE More than a printer\",\"isPartOf\":{\"@id\":\"https:\\\/\\\/ale.fr\\\/#website\"},\"primaryImageOfPage\":{\"@id\":\"https:\\\/\\\/ale.fr\\\/en\\\/contact-us\\\/#primaryimage\"},\"image\":{\"@id\":\"https:\\\/\\\/ale.fr\\\/en\\\/contact-us\\\/#primaryimage\"},\"thumbnailUrl\":\"https:\\\/\\\/ale.fr\\\/wp-content\\\/uploads\\\/2016\\\/02\\\/contact.jpg\",\"datePublished\":\"2016-02-12T09:47:24+00:00\",\"dateModified\":\"2019-07-29T09:47:18+00:00\",\"breadcrumb\":{\"@id\":\"https:\\\/\\\/ale.fr\\\/en\\\/contact-us\\\/#breadcrumb\"},\"inLanguage\":\"en-US\",\"potentialAction\":[{\"@type\":\"ReadAction\",\"target\":[\"https:\\\/\\\/ale.fr\\\/en\\\/contact-us\\\/\"]}]},{\"@type\":\"ImageObject\",\"inLanguage\":\"en-US\",\"@id\":\"https:\\\/\\\/ale.fr\\\/en\\\/contact-us\\\/#primaryimage\",\"url\":\"https:\\\/\\\/ale.fr\\\/wp-content\\\/uploads\\\/2016\\\/02\\\/contact.jpg\",\"contentUrl\":\"https:\\\/\\\/ale.fr\\\/wp-content\\\/uploads\\\/2016\\\/02\\\/contact.jpg\",\"width\":1920,\"height\":1272},{\"@type\":\"BreadcrumbList\",\"@id\":\"https:\\\/\\\/ale.fr\\\/en\\\/contact-us\\\/#breadcrumb\",\"itemListElement\":[{\"@type\":\"ListItem\",\"position\":1,\"name\":\"Accueil\",\"item\":\"https:\\\/\\\/ale.fr\\\/en\\\/\"},{\"@type\":\"ListItem\",\"position\":2,\"name\":\"Contact us\"}]},{\"@type\":\"WebSite\",\"@id\":\"https:\\\/\\\/ale.fr\\\/#website\",\"url\":\"https:\\\/\\\/ale.fr\\\/\",\"name\":\"ALE More than a printer\",\"description\":\"Fabricant de syst\u00e8mes de marquage \\\/ codage, sp\u00e9cialis\u00e9 dans les imprimantes jet d&#039;encre haute r\u00e9solution.\",\"potentialAction\":[{\"@type\":\"SearchAction\",\"target\":{\"@type\":\"EntryPoint\",\"urlTemplate\":\"https:\\\/\\\/ale.fr\\\/?s={search_term_string}\"},\"query-input\":{\"@type\":\"PropertyValueSpecification\",\"valueRequired\":true,\"valueName\":\"search_term_string\"}}],\"inLanguage\":\"en-US\"}]}<\/script>\n<!-- \/ Yoast SEO plugin. -->","yoast_head_json":{"title":"Contact us - ALE More than a printer","robots":{"index":"index","follow":"follow","max-snippet":"max-snippet:-1","max-image-preview":"max-image-preview:large","max-video-preview":"max-video-preview:-1"},"canonical":"https:\/\/ale.fr\/en\/contact-us\/","og_locale":"en_US","og_type":"article","og_title":"Contact us - ALE More than a printer","og_description":"Interested in becoming a distributor? You want to request a print sample? Or you simply want to ask a question to our team? Don't hesitate to contact us! Fill in the form and we will be happy to answer you","og_url":"https:\/\/ale.fr\/en\/contact-us\/","og_site_name":"ALE More than a printer","article_publisher":"https:\/\/www.facebook.com\/ALE-SAS-180011132362701\/","article_modified_time":"2019-07-29T09:47:18+00:00","og_image":[{"width":1920,"height":1272,"url":"https:\/\/ale.fr\/wp-content\/uploads\/2016\/02\/contact.jpg","type":"image\/jpeg"}],"twitter_card":"summary_large_image","schema":{"@context":"https:\/\/schema.org","@graph":[{"@type":"WebPage","@id":"https:\/\/ale.fr\/en\/contact-us\/","url":"https:\/\/ale.fr\/en\/contact-us\/","name":"Contact us - ALE More than a printer","isPartOf":{"@id":"https:\/\/ale.fr\/#website"},"primaryImageOfPage":{"@id":"https:\/\/ale.fr\/en\/contact-us\/#primaryimage"},"image":{"@id":"https:\/\/ale.fr\/en\/contact-us\/#primaryimage"},"thumbnailUrl":"https:\/\/ale.fr\/wp-content\/uploads\/2016\/02\/contact.jpg","datePublished":"2016-02-12T09:47:24+00:00","dateModified":"2019-07-29T09:47:18+00:00","breadcrumb":{"@id":"https:\/\/ale.fr\/en\/contact-us\/#breadcrumb"},"inLanguage":"en-US","potentialAction":[{"@type":"ReadAction","target":["https:\/\/ale.fr\/en\/contact-us\/"]}]},{"@type":"ImageObject","inLanguage":"en-US","@id":"https:\/\/ale.fr\/en\/contact-us\/#primaryimage","url":"https:\/\/ale.fr\/wp-content\/uploads\/2016\/02\/contact.jpg","contentUrl":"https:\/\/ale.fr\/wp-content\/uploads\/2016\/02\/contact.jpg","width":1920,"height":1272},{"@type":"BreadcrumbList","@id":"https:\/\/ale.fr\/en\/contact-us\/#breadcrumb","itemListElement":[{"@type":"ListItem","position":1,"name":"Accueil","item":"https:\/\/ale.fr\/en\/"},{"@type":"ListItem","position":2,"name":"Contact us"}]},{"@type":"WebSite","@id":"https:\/\/ale.fr\/#website","url":"https:\/\/ale.fr\/","name":"ALE More than a printer","description":"Fabricant de syst\u00e8mes de marquage \/ codage, sp\u00e9cialis\u00e9 dans les imprimantes jet d&#039;encre haute r\u00e9solution.","potentialAction":[{"@type":"SearchAction","target":{"@type":"EntryPoint","urlTemplate":"https:\/\/ale.fr\/?s={search_term_string}"},"query-input":{"@type":"PropertyValueSpecification","valueRequired":true,"valueName":"search_term_string"}}],"inLanguage":"en-US"}]}},"_links":{"self":[{"href":"https:\/\/ale.fr\/en\/wp-json\/wp\/v2\/pages\/233","targetHints":{"allow":["GET"]}}],"collection":[{"href":"https:\/\/ale.fr\/en\/wp-json\/wp\/v2\/pages"}],"about":[{"href":"https:\/\/ale.fr\/en\/wp-json\/wp\/v2\/types\/page"}],"author":[{"embeddable":true,"href":"https:\/\/ale.fr\/en\/wp-json\/wp\/v2\/users\/1"}],"replies":[{"embeddable":true,"href":"https:\/\/ale.fr\/en\/wp-json\/wp\/v2\/comments?post=233"}],"version-history":[{"count":0,"href":"https:\/\/ale.fr\/en\/wp-json\/wp\/v2\/pages\/233\/revisions"}],"wp:featuredmedia":[{"embeddable":true,"href":"https:\/\/ale.fr\/en\/wp-json\/wp\/v2\/media\/194"}],"wp:attachment":[{"href":"https:\/\/ale.fr\/en\/wp-json\/wp\/v2\/media?parent=233"}],"curies":[{"name":"wp","href":"https:\/\/api.w.org\/{rel}","templated":true}]}}