{"id":309,"date":"2016-02-12T10:50:32","date_gmt":"2016-02-12T09:50:32","guid":{"rendered":"https:\/\/ale.fr\/en\/?page_id=309"},"modified":"2019-07-29T10:48:30","modified_gmt":"2019-07-29T09:48:30","slug":"legals","status":"publish","type":"page","link":"https:\/\/ale.fr\/en\/legals\/","title":{"rendered":"Legals"},"content":{"rendered":"<p>ALE SARL<\/p>\n<p>651, rue Ren\u00e9 Descartes<br \/>\n38090 VAULX-MILIEU<br \/>\nFRANCE<\/p>\n<p>Tel : +33 (0)4 37 90 01 99<\/p>\n<a href=\"mailto:contact@ale.fr\" >contact@ale.fr<\/a>\n<p>VAT Number : FR 404 228 259 84<\/p>\n<p>Siret : 422 825 984 00012<\/p>\n","protected":false},"excerpt":{"rendered":"<p>ALE SARL 651, rue Ren\u00e9 Descartes 38090 VAULX-MILIEU FRANCE Tel : +33 (0)4 37 90 01 99 VAT Number : FR 404 228 259 84 Siret : 422 825 984 00012<a href=\"https:\/\/ale.fr\/en\/legals\/\" class=\"read-more\" title=\"Lire la suite de cet article\"><\/a><\/p>\n","protected":false},"author":1,"featured_media":913,"parent":0,"menu_order":15,"comment_status":"closed","ping_status":"closed","template":"","meta":{"footnotes":""},"class_list":["post-309","page","type-page","status-publish","has-post-thumbnail","hentry"],"yoast_head":"<!-- This site is optimized with the Yoast SEO plugin v27.3 - https:\/\/yoast.com\/product\/yoast-seo-wordpress\/ -->\n<title>Legals - ALE More than a printer<\/title>\n<meta name=\"robots\" content=\"index, follow, max-snippet:-1, max-image-preview:large, max-video-preview:-1\" \/>\n<link rel=\"canonical\" href=\"https:\/\/ale.fr\/en\/legals\/\" \/>\n<meta property=\"og:locale\" content=\"en_US\" \/>\n<meta property=\"og:type\" content=\"article\" \/>\n<meta property=\"og:title\" content=\"Legals - ALE More than a printer\" \/>\n<meta property=\"og:description\" content=\"ALE SARL 651, rue Ren\u00e9 Descartes 38090 VAULX-MILIEU FRANCE Tel : +33 (0)4 37 90 01 99 VAT Number : FR 404 228 259 84 Siret : 422 825 984 00012\" \/>\n<meta property=\"og:url\" content=\"https:\/\/ale.fr\/en\/legals\/\" \/>\n<meta property=\"og:site_name\" content=\"ALE More than a printer\" \/>\n<meta property=\"article:publisher\" content=\"https:\/\/www.facebook.com\/ALE-SAS-180011132362701\/\" \/>\n<meta property=\"article:modified_time\" content=\"2019-07-29T09:48:30+00:00\" \/>\n<meta property=\"og:image\" content=\"https:\/\/ale.fr\/wp-content\/uploads\/2016\/02\/presentation-societe.jpg\" \/>\n\t<meta property=\"og:image:width\" content=\"1920\" \/>\n\t<meta property=\"og:image:height\" content=\"850\" \/>\n\t<meta property=\"og:image:type\" content=\"image\/jpeg\" \/>\n<meta name=\"twitter:card\" content=\"summary_large_image\" \/>\n<script type=\"application\/ld+json\" class=\"yoast-schema-graph\">{\"@context\":\"https:\\\/\\\/schema.org\",\"@graph\":[{\"@type\":\"WebPage\",\"@id\":\"https:\\\/\\\/ale.fr\\\/en\\\/legals\\\/\",\"url\":\"https:\\\/\\\/ale.fr\\\/en\\\/legals\\\/\",\"name\":\"Legals - ALE More than a printer\",\"isPartOf\":{\"@id\":\"https:\\\/\\\/ale.fr\\\/#website\"},\"primaryImageOfPage\":{\"@id\":\"https:\\\/\\\/ale.fr\\\/en\\\/legals\\\/#primaryimage\"},\"image\":{\"@id\":\"https:\\\/\\\/ale.fr\\\/en\\\/legals\\\/#primaryimage\"},\"thumbnailUrl\":\"https:\\\/\\\/ale.fr\\\/wp-content\\\/uploads\\\/2016\\\/02\\\/presentation-societe.jpg\",\"datePublished\":\"2016-02-12T09:50:32+00:00\",\"dateModified\":\"2019-07-29T09:48:30+00:00\",\"breadcrumb\":{\"@id\":\"https:\\\/\\\/ale.fr\\\/en\\\/legals\\\/#breadcrumb\"},\"inLanguage\":\"en-US\",\"potentialAction\":[{\"@type\":\"ReadAction\",\"target\":[\"https:\\\/\\\/ale.fr\\\/en\\\/legals\\\/\"]}]},{\"@type\":\"ImageObject\",\"inLanguage\":\"en-US\",\"@id\":\"https:\\\/\\\/ale.fr\\\/en\\\/legals\\\/#primaryimage\",\"url\":\"https:\\\/\\\/ale.fr\\\/wp-content\\\/uploads\\\/2016\\\/02\\\/presentation-societe.jpg\",\"contentUrl\":\"https:\\\/\\\/ale.fr\\\/wp-content\\\/uploads\\\/2016\\\/02\\\/presentation-societe.jpg\",\"width\":1920,\"height\":850},{\"@type\":\"BreadcrumbList\",\"@id\":\"https:\\\/\\\/ale.fr\\\/en\\\/legals\\\/#breadcrumb\",\"itemListElement\":[{\"@type\":\"ListItem\",\"position\":1,\"name\":\"Accueil\",\"item\":\"https:\\\/\\\/ale.fr\\\/en\\\/\"},{\"@type\":\"ListItem\",\"position\":2,\"name\":\"Legals\"}]},{\"@type\":\"WebSite\",\"@id\":\"https:\\\/\\\/ale.fr\\\/#website\",\"url\":\"https:\\\/\\\/ale.fr\\\/\",\"name\":\"ALE More than a printer\",\"description\":\"Fabricant de syst\u00e8mes de marquage \\\/ codage, sp\u00e9cialis\u00e9 dans les imprimantes jet d&#039;encre haute r\u00e9solution.\",\"potentialAction\":[{\"@type\":\"SearchAction\",\"target\":{\"@type\":\"EntryPoint\",\"urlTemplate\":\"https:\\\/\\\/ale.fr\\\/?s={search_term_string}\"},\"query-input\":{\"@type\":\"PropertyValueSpecification\",\"valueRequired\":true,\"valueName\":\"search_term_string\"}}],\"inLanguage\":\"en-US\"}]}<\/script>\n<!-- \/ Yoast SEO plugin. -->","yoast_head_json":{"title":"Legals - ALE More than a printer","robots":{"index":"index","follow":"follow","max-snippet":"max-snippet:-1","max-image-preview":"max-image-preview:large","max-video-preview":"max-video-preview:-1"},"canonical":"https:\/\/ale.fr\/en\/legals\/","og_locale":"en_US","og_type":"article","og_title":"Legals - ALE More than a printer","og_description":"ALE SARL 651, rue Ren\u00e9 Descartes 38090 VAULX-MILIEU FRANCE Tel : +33 (0)4 37 90 01 99 VAT Number : FR 404 228 259 84 Siret : 422 825 984 00012","og_url":"https:\/\/ale.fr\/en\/legals\/","og_site_name":"ALE More than a printer","article_publisher":"https:\/\/www.facebook.com\/ALE-SAS-180011132362701\/","article_modified_time":"2019-07-29T09:48:30+00:00","og_image":[{"width":1920,"height":850,"url":"https:\/\/ale.fr\/wp-content\/uploads\/2016\/02\/presentation-societe.jpg","type":"image\/jpeg"}],"twitter_card":"summary_large_image","schema":{"@context":"https:\/\/schema.org","@graph":[{"@type":"WebPage","@id":"https:\/\/ale.fr\/en\/legals\/","url":"https:\/\/ale.fr\/en\/legals\/","name":"Legals - ALE More than a printer","isPartOf":{"@id":"https:\/\/ale.fr\/#website"},"primaryImageOfPage":{"@id":"https:\/\/ale.fr\/en\/legals\/#primaryimage"},"image":{"@id":"https:\/\/ale.fr\/en\/legals\/#primaryimage"},"thumbnailUrl":"https:\/\/ale.fr\/wp-content\/uploads\/2016\/02\/presentation-societe.jpg","datePublished":"2016-02-12T09:50:32+00:00","dateModified":"2019-07-29T09:48:30+00:00","breadcrumb":{"@id":"https:\/\/ale.fr\/en\/legals\/#breadcrumb"},"inLanguage":"en-US","potentialAction":[{"@type":"ReadAction","target":["https:\/\/ale.fr\/en\/legals\/"]}]},{"@type":"ImageObject","inLanguage":"en-US","@id":"https:\/\/ale.fr\/en\/legals\/#primaryimage","url":"https:\/\/ale.fr\/wp-content\/uploads\/2016\/02\/presentation-societe.jpg","contentUrl":"https:\/\/ale.fr\/wp-content\/uploads\/2016\/02\/presentation-societe.jpg","width":1920,"height":850},{"@type":"BreadcrumbList","@id":"https:\/\/ale.fr\/en\/legals\/#breadcrumb","itemListElement":[{"@type":"ListItem","position":1,"name":"Accueil","item":"https:\/\/ale.fr\/en\/"},{"@type":"ListItem","position":2,"name":"Legals"}]},{"@type":"WebSite","@id":"https:\/\/ale.fr\/#website","url":"https:\/\/ale.fr\/","name":"ALE More than a printer","description":"Fabricant de syst\u00e8mes de marquage \/ codage, sp\u00e9cialis\u00e9 dans les imprimantes jet d&#039;encre haute r\u00e9solution.","potentialAction":[{"@type":"SearchAction","target":{"@type":"EntryPoint","urlTemplate":"https:\/\/ale.fr\/?s={search_term_string}"},"query-input":{"@type":"PropertyValueSpecification","valueRequired":true,"valueName":"search_term_string"}}],"inLanguage":"en-US"}]}},"_links":{"self":[{"href":"https:\/\/ale.fr\/en\/wp-json\/wp\/v2\/pages\/309","targetHints":{"allow":["GET"]}}],"collection":[{"href":"https:\/\/ale.fr\/en\/wp-json\/wp\/v2\/pages"}],"about":[{"href":"https:\/\/ale.fr\/en\/wp-json\/wp\/v2\/types\/page"}],"author":[{"embeddable":true,"href":"https:\/\/ale.fr\/en\/wp-json\/wp\/v2\/users\/1"}],"replies":[{"embeddable":true,"href":"https:\/\/ale.fr\/en\/wp-json\/wp\/v2\/comments?post=309"}],"version-history":[{"count":0,"href":"https:\/\/ale.fr\/en\/wp-json\/wp\/v2\/pages\/309\/revisions"}],"wp:featuredmedia":[{"embeddable":true,"href":"https:\/\/ale.fr\/en\/wp-json\/wp\/v2\/media\/913"}],"wp:attachment":[{"href":"https:\/\/ale.fr\/en\/wp-json\/wp\/v2\/media?parent=309"}],"curies":[{"name":"wp","href":"https:\/\/api.w.org\/{rel}","templated":true}]}}