{"id":332,"date":"2016-02-25T11:52:26","date_gmt":"2016-02-25T10:52:26","guid":{"rendered":"https:\/\/ale.fr\/en\/?page_id=332"},"modified":"2022-08-31T12:46:36","modified_gmt":"2022-08-31T11:46:36","slug":"meet-with-us","status":"publish","type":"page","link":"https:\/\/ale.fr\/en\/meet-with-us\/","title":{"rendered":"Meet with us"},"content":{"rendered":"<p>Meet with your local ALE distributor. Follow the upcoming trade events and fairs in your region where our products will be presented and learn more about our coding and marking solutions.<\/p>\n<p>Please <a href=\"mailto:contact@ale.fr\">contact us<\/a>\u00a0to request an updated list of coming exhibitions<\/p>\n\n","protected":false},"excerpt":{"rendered":"<p>Thanks to our worldwide distributor\u2019s network, Ale products are present on numerous international fairs each year worldwide. Come and discover our range and meet with your local distributor by checking the dates of the upcoming trade events. <a href=\"https:\/\/ale.fr\/en\/meet-with-us\/\" class=\"read-more\" title=\"Lire la suite de cet article\"><\/a><\/p>\n","protected":false},"author":1,"featured_media":192,"parent":0,"menu_order":9,"comment_status":"closed","ping_status":"closed","template":"","meta":{"footnotes":""},"class_list":["post-332","page","type-page","status-publish","has-post-thumbnail","hentry"],"yoast_head":"<!-- This site is optimized with the Yoast SEO plugin v27.3 - https:\/\/yoast.com\/product\/yoast-seo-wordpress\/ -->\n<title>Meet with us - ALE More than a printer<\/title>\n<meta name=\"description\" content=\"request for a list of coming exhibition\" \/>\n<meta name=\"robots\" content=\"index, follow, max-snippet:-1, max-image-preview:large, max-video-preview:-1\" \/>\n<link rel=\"canonical\" href=\"https:\/\/ale.fr\/en\/meet-with-us\/\" \/>\n<meta property=\"og:locale\" content=\"en_US\" \/>\n<meta property=\"og:type\" content=\"article\" \/>\n<meta property=\"og:title\" content=\"Meet with us - ALE More than a printer\" \/>\n<meta property=\"og:description\" content=\"request for a list of coming exhibition\" \/>\n<meta property=\"og:url\" content=\"https:\/\/ale.fr\/en\/meet-with-us\/\" \/>\n<meta property=\"og:site_name\" content=\"ALE More than a printer\" \/>\n<meta property=\"article:publisher\" content=\"https:\/\/www.facebook.com\/ALE-SAS-180011132362701\/\" \/>\n<meta property=\"article:modified_time\" content=\"2022-08-31T11:46:36+00:00\" \/>\n<meta property=\"og:image\" content=\"https:\/\/ale.fr\/wp-content\/uploads\/2016\/02\/rencontrer-ale.jpg\" \/>\n\t<meta property=\"og:image:width\" content=\"1920\" \/>\n\t<meta property=\"og:image:height\" content=\"1440\" \/>\n\t<meta property=\"og:image:type\" content=\"image\/jpeg\" \/>\n<meta name=\"twitter:card\" content=\"summary_large_image\" \/>\n<script type=\"application\/ld+json\" class=\"yoast-schema-graph\">{\"@context\":\"https:\\\/\\\/schema.org\",\"@graph\":[{\"@type\":\"WebPage\",\"@id\":\"https:\\\/\\\/ale.fr\\\/en\\\/meet-with-us\\\/\",\"url\":\"https:\\\/\\\/ale.fr\\\/en\\\/meet-with-us\\\/\",\"name\":\"Meet with us - ALE More than a printer\",\"isPartOf\":{\"@id\":\"https:\\\/\\\/ale.fr\\\/#website\"},\"primaryImageOfPage\":{\"@id\":\"https:\\\/\\\/ale.fr\\\/en\\\/meet-with-us\\\/#primaryimage\"},\"image\":{\"@id\":\"https:\\\/\\\/ale.fr\\\/en\\\/meet-with-us\\\/#primaryimage\"},\"thumbnailUrl\":\"https:\\\/\\\/ale.fr\\\/wp-content\\\/uploads\\\/2016\\\/02\\\/rencontrer-ale.jpg\",\"datePublished\":\"2016-02-25T10:52:26+00:00\",\"dateModified\":\"2022-08-31T11:46:36+00:00\",\"description\":\"request for a list of coming exhibition\",\"breadcrumb\":{\"@id\":\"https:\\\/\\\/ale.fr\\\/en\\\/meet-with-us\\\/#breadcrumb\"},\"inLanguage\":\"en-US\",\"potentialAction\":[{\"@type\":\"ReadAction\",\"target\":[\"https:\\\/\\\/ale.fr\\\/en\\\/meet-with-us\\\/\"]}]},{\"@type\":\"ImageObject\",\"inLanguage\":\"en-US\",\"@id\":\"https:\\\/\\\/ale.fr\\\/en\\\/meet-with-us\\\/#primaryimage\",\"url\":\"https:\\\/\\\/ale.fr\\\/wp-content\\\/uploads\\\/2016\\\/02\\\/rencontrer-ale.jpg\",\"contentUrl\":\"https:\\\/\\\/ale.fr\\\/wp-content\\\/uploads\\\/2016\\\/02\\\/rencontrer-ale.jpg\",\"width\":1920,\"height\":1440},{\"@type\":\"BreadcrumbList\",\"@id\":\"https:\\\/\\\/ale.fr\\\/en\\\/meet-with-us\\\/#breadcrumb\",\"itemListElement\":[{\"@type\":\"ListItem\",\"position\":1,\"name\":\"Accueil\",\"item\":\"https:\\\/\\\/ale.fr\\\/en\\\/\"},{\"@type\":\"ListItem\",\"position\":2,\"name\":\"Meet with us\"}]},{\"@type\":\"WebSite\",\"@id\":\"https:\\\/\\\/ale.fr\\\/#website\",\"url\":\"https:\\\/\\\/ale.fr\\\/\",\"name\":\"ALE More than a printer\",\"description\":\"Fabricant de syst\u00e8mes de marquage \\\/ codage, sp\u00e9cialis\u00e9 dans les imprimantes jet d&#039;encre haute r\u00e9solution.\",\"potentialAction\":[{\"@type\":\"SearchAction\",\"target\":{\"@type\":\"EntryPoint\",\"urlTemplate\":\"https:\\\/\\\/ale.fr\\\/?s={search_term_string}\"},\"query-input\":{\"@type\":\"PropertyValueSpecification\",\"valueRequired\":true,\"valueName\":\"search_term_string\"}}],\"inLanguage\":\"en-US\"}]}<\/script>\n<!-- \/ Yoast SEO plugin. -->","yoast_head_json":{"title":"Meet with us - ALE More than a printer","description":"request for a list of coming exhibition","robots":{"index":"index","follow":"follow","max-snippet":"max-snippet:-1","max-image-preview":"max-image-preview:large","max-video-preview":"max-video-preview:-1"},"canonical":"https:\/\/ale.fr\/en\/meet-with-us\/","og_locale":"en_US","og_type":"article","og_title":"Meet with us - ALE More than a printer","og_description":"request for a list of coming exhibition","og_url":"https:\/\/ale.fr\/en\/meet-with-us\/","og_site_name":"ALE More than a printer","article_publisher":"https:\/\/www.facebook.com\/ALE-SAS-180011132362701\/","article_modified_time":"2022-08-31T11:46:36+00:00","og_image":[{"width":1920,"height":1440,"url":"https:\/\/ale.fr\/wp-content\/uploads\/2016\/02\/rencontrer-ale.jpg","type":"image\/jpeg"}],"twitter_card":"summary_large_image","schema":{"@context":"https:\/\/schema.org","@graph":[{"@type":"WebPage","@id":"https:\/\/ale.fr\/en\/meet-with-us\/","url":"https:\/\/ale.fr\/en\/meet-with-us\/","name":"Meet with us - ALE More than a printer","isPartOf":{"@id":"https:\/\/ale.fr\/#website"},"primaryImageOfPage":{"@id":"https:\/\/ale.fr\/en\/meet-with-us\/#primaryimage"},"image":{"@id":"https:\/\/ale.fr\/en\/meet-with-us\/#primaryimage"},"thumbnailUrl":"https:\/\/ale.fr\/wp-content\/uploads\/2016\/02\/rencontrer-ale.jpg","datePublished":"2016-02-25T10:52:26+00:00","dateModified":"2022-08-31T11:46:36+00:00","description":"request for a list of coming exhibition","breadcrumb":{"@id":"https:\/\/ale.fr\/en\/meet-with-us\/#breadcrumb"},"inLanguage":"en-US","potentialAction":[{"@type":"ReadAction","target":["https:\/\/ale.fr\/en\/meet-with-us\/"]}]},{"@type":"ImageObject","inLanguage":"en-US","@id":"https:\/\/ale.fr\/en\/meet-with-us\/#primaryimage","url":"https:\/\/ale.fr\/wp-content\/uploads\/2016\/02\/rencontrer-ale.jpg","contentUrl":"https:\/\/ale.fr\/wp-content\/uploads\/2016\/02\/rencontrer-ale.jpg","width":1920,"height":1440},{"@type":"BreadcrumbList","@id":"https:\/\/ale.fr\/en\/meet-with-us\/#breadcrumb","itemListElement":[{"@type":"ListItem","position":1,"name":"Accueil","item":"https:\/\/ale.fr\/en\/"},{"@type":"ListItem","position":2,"name":"Meet with us"}]},{"@type":"WebSite","@id":"https:\/\/ale.fr\/#website","url":"https:\/\/ale.fr\/","name":"ALE More than a printer","description":"Fabricant de syst\u00e8mes de marquage \/ codage, sp\u00e9cialis\u00e9 dans les imprimantes jet d&#039;encre haute r\u00e9solution.","potentialAction":[{"@type":"SearchAction","target":{"@type":"EntryPoint","urlTemplate":"https:\/\/ale.fr\/?s={search_term_string}"},"query-input":{"@type":"PropertyValueSpecification","valueRequired":true,"valueName":"search_term_string"}}],"inLanguage":"en-US"}]}},"_links":{"self":[{"href":"https:\/\/ale.fr\/en\/wp-json\/wp\/v2\/pages\/332","targetHints":{"allow":["GET"]}}],"collection":[{"href":"https:\/\/ale.fr\/en\/wp-json\/wp\/v2\/pages"}],"about":[{"href":"https:\/\/ale.fr\/en\/wp-json\/wp\/v2\/types\/page"}],"author":[{"embeddable":true,"href":"https:\/\/ale.fr\/en\/wp-json\/wp\/v2\/users\/1"}],"replies":[{"embeddable":true,"href":"https:\/\/ale.fr\/en\/wp-json\/wp\/v2\/comments?post=332"}],"version-history":[{"count":0,"href":"https:\/\/ale.fr\/en\/wp-json\/wp\/v2\/pages\/332\/revisions"}],"wp:featuredmedia":[{"embeddable":true,"href":"https:\/\/ale.fr\/en\/wp-json\/wp\/v2\/media\/192"}],"wp:attachment":[{"href":"https:\/\/ale.fr\/en\/wp-json\/wp\/v2\/media?parent=332"}],"curies":[{"name":"wp","href":"https:\/\/api.w.org\/{rel}","templated":true}]}}